{"id":906,"date":"2026-03-13T10:46:56","date_gmt":"2026-03-13T10:46:56","guid":{"rendered":"https:\/\/blissful-davinci.135-125-119-145.plesk.page\/?page_id=906"},"modified":"2026-03-13T10:58:33","modified_gmt":"2026-03-13T10:58:33","slug":"blog","status":"publish","type":"page","link":"https:\/\/ges-conta.com\/en\/blog\/","title":{"rendered":"Blog"},"content":{"rendered":"<div data-elementor-type=\"wp-page\" data-elementor-id=\"906\" class=\"elementor elementor-906\" data-elementor-post-type=\"page\">\n\t\t\t\t<div class=\"elementor-element elementor-element-484a6e0 e-con-full e-flex e-con e-parent\" data-id=\"484a6e0\" data-element_type=\"container\" data-e-type=\"container\" data-settings=\"{&quot;background_background&quot;:&quot;classic&quot;}\">\n\t\t<div class=\"elementor-element elementor-element-05c0b20 e-con-full e-flex elementor-invisible e-con e-child\" data-id=\"05c0b20\" data-element_type=\"container\" data-e-type=\"container\" data-settings=\"{&quot;animation&quot;:&quot;fadeInLeft&quot;}\">\n\t\t\t\t<div class=\"elementor-element elementor-element-f3a1edb elementor-widget elementor-widget-html\" data-id=\"f3a1edb\" data-element_type=\"widget\" data-e-type=\"widget\" data-widget_type=\"html.default\">\n\t\t\t\t\t<p style=\"font-family:Montserrat;font-size:13px;font-weight:700;letter-spacing:2px;color:rgba(255,255,255,0.75);text-transform:uppercase;margin-bottom:12px;\">Gesti\u00f3n Empresarial \u00b7 Alicante<\/p>\t\t\t\t<\/div>\n\t\t\t\t<div class=\"elementor-element elementor-element-3602818 elementor-widget elementor-widget-heading\" data-id=\"3602818\" data-element_type=\"widget\" data-e-type=\"widget\" data-widget_type=\"heading.default\">\n\t\t\t\t\t<h1 class=\"elementor-heading-title elementor-size-default\">Nuestro blog<\/h1>\t\t\t\t<\/div>\n\t\t\t\t<div class=\"elementor-element elementor-element-d215a1a elementor-widget elementor-widget-text-editor\" data-id=\"d215a1a\" data-element_type=\"widget\" data-e-type=\"widget\" data-widget_type=\"text-editor.default\">\n\t\t\t\t\t\t\t\t\t<p>Ofrecemos soluciones personalizadas en gesti\u00f3n y administraci\u00f3n para optimizar tus recursos y maximizar tus resultados.<\/p>\t\t\t\t\t\t\t\t<\/div>\n\t\t\t\t<\/div>\n\t\t\t\t<\/div>\n\t\t<div class=\"elementor-element elementor-element-c842799 e-con-full e-flex e-con e-parent\" data-id=\"c842799\" data-element_type=\"container\" data-e-type=\"container\" data-settings=\"{&quot;background_background&quot;:&quot;classic&quot;}\">\n\t\t\t\t<div class=\"elementor-element elementor-element-3f7941b elementor-widget elementor-widget-heading\" data-id=\"3f7941b\" data-element_type=\"widget\" data-e-type=\"widget\" data-widget_type=\"heading.default\">\n\t\t\t\t\t<h2 class=\"elementor-heading-title elementor-size-default\">Nuestras publicaciones recientes<\/h2>\t\t\t\t<\/div>\n\t\t\t\t<\/div>\n\t\t<div class=\"elementor-element elementor-element-b5a2c9a e-con-full e-flex e-con e-parent\" data-id=\"b5a2c9a\" data-element_type=\"container\" data-e-type=\"container\">\n\t\t\t\t<div class=\"elementor-element elementor-element-5b034bc elementor-grid-3 elementor-grid-tablet-2 elementor-grid-mobile-1 elementor-posts--thumbnail-top elementor-card-shadow-yes elementor-posts__hover-gradient elementor-widget elementor-widget-posts\" data-id=\"5b034bc\" data-element_type=\"widget\" data-e-type=\"widget\" data-settings=\"{&quot;cards_columns&quot;:&quot;3&quot;,&quot;cards_columns_tablet&quot;:&quot;2&quot;,&quot;cards_columns_mobile&quot;:&quot;1&quot;,&quot;cards_row_gap&quot;:{&quot;unit&quot;:&quot;px&quot;,&quot;size&quot;:35,&quot;sizes&quot;:[]},&quot;cards_row_gap_tablet&quot;:{&quot;unit&quot;:&quot;px&quot;,&quot;size&quot;:&quot;&quot;,&quot;sizes&quot;:[]},&quot;cards_row_gap_mobile&quot;:{&quot;unit&quot;:&quot;px&quot;,&quot;size&quot;:&quot;&quot;,&quot;sizes&quot;:[]}}\" data-widget_type=\"posts.cards\">\n\t\t\t\t<div class=\"elementor-widget-container\">\n\t\t\t\t\t\t\t<div class=\"elementor-posts-container elementor-posts elementor-posts--skin-cards elementor-grid\" role=\"list\">\n\t\t\t\t<article class=\"elementor-post elementor-grid-item post-945 post type-post status-publish format-standard has-post-thumbnail hentry category-uncategorized\" role=\"listitem\">\n\t\t\t<div class=\"elementor-post__card\">\n\t\t\t\t<a class=\"elementor-post__thumbnail__link\" href=\"https:\/\/ges-conta.com\/en\/5-claves-para-mejorar-la-organizacion-de-tu-empresa\/\" tabindex=\"-1\" ><div class=\"elementor-post__thumbnail\"><img fetchpriority=\"high\" decoding=\"async\" width=\"300\" height=\"200\" src=\"https:\/\/ges-conta.com\/wp-content\/uploads\/2026\/03\/smiling-man-walking-pavement-listening-music-300x200.jpg\" class=\"attachment-medium size-medium wp-image-212\" alt=\"\" srcset=\"https:\/\/ges-conta.com\/wp-content\/uploads\/2026\/03\/smiling-man-walking-pavement-listening-music-300x200.jpg 300w, https:\/\/ges-conta.com\/wp-content\/uploads\/2026\/03\/smiling-man-walking-pavement-listening-music-1024x683.jpg 1024w, https:\/\/ges-conta.com\/wp-content\/uploads\/2026\/03\/smiling-man-walking-pavement-listening-music-768x512.jpg 768w, https:\/\/ges-conta.com\/wp-content\/uploads\/2026\/03\/smiling-man-walking-pavement-listening-music-1536x1024.jpg 1536w, https:\/\/ges-conta.com\/wp-content\/uploads\/2026\/03\/smiling-man-walking-pavement-listening-music-2048x1365.jpg 2048w\" sizes=\"(max-width: 300px) 100vw, 300px\" \/><\/div><\/a>\n\t\t\t\t<div class=\"elementor-post__text\">\n\t\t\t\t<h3 class=\"elementor-post__title\">\n\t\t\t<a href=\"https:\/\/ges-conta.com\/en\/5-claves-para-mejorar-la-organizacion-de-tu-empresa\/\" >\n\t\t\t\t5 claves para mejorar la organizaci\u00f3n de tu empresa\t\t\t<\/a>\n\t\t<\/h3>\n\t\t\t\t<div class=\"elementor-post__excerpt\">\n\t\t\t<p>La organizaci\u00f3n interna de una empresa influye directamente en su productividad y en la imagen que transmite a los clientes. Aplicar m\u00e9todos de organizaci\u00f3n, como el sistema 5S, puede ayudar<\/p>\n\t\t<\/div>\n\t\t\n\t\t<a class=\"elementor-post__read-more\" href=\"https:\/\/ges-conta.com\/en\/5-claves-para-mejorar-la-organizacion-de-tu-empresa\/\" aria-label=\"Read more about 5 claves para mejorar la organizaci\u00f3n de tu empresa\" tabindex=\"-1\" >\n\t\t\tLeer m\u00e1s \u00bb\t\t<\/a>\n\n\t\t\t\t<\/div>\n\t\t\t\t<div class=\"elementor-post__meta-data\">\n\t\t\t\t\t<span class=\"elementor-post-date\">\n\t\t\tMarch 13, 2026\t\t<\/span>\n\t\t\t\t<span class=\"elementor-post-avatar\">\n\t\t\tNo Comments\t\t<\/span>\n\t\t\t\t<\/div>\n\t\t\t\t\t<\/div>\n\t\t<\/article>\n\t\t\t\t<article class=\"elementor-post elementor-grid-item post-943 post type-post status-publish format-standard has-post-thumbnail hentry category-uncategorized\" role=\"listitem\">\n\t\t\t<div class=\"elementor-post__card\">\n\t\t\t\t<a class=\"elementor-post__thumbnail__link\" href=\"https:\/\/ges-conta.com\/en\/como-elegir-la-mejor-financiacion-para-tu-empresa\/\" tabindex=\"-1\" ><div class=\"elementor-post__thumbnail\"><img decoding=\"async\" width=\"300\" height=\"199\" src=\"https:\/\/ges-conta.com\/wp-content\/uploads\/2026\/03\/close-up-people-working-from-home-300x199.jpg\" class=\"attachment-medium size-medium wp-image-233\" alt=\"\" srcset=\"https:\/\/ges-conta.com\/wp-content\/uploads\/2026\/03\/close-up-people-working-from-home-300x199.jpg 300w, https:\/\/ges-conta.com\/wp-content\/uploads\/2026\/03\/close-up-people-working-from-home-768x510.jpg 768w, https:\/\/ges-conta.com\/wp-content\/uploads\/2026\/03\/close-up-people-working-from-home.jpg 800w\" sizes=\"(max-width: 300px) 100vw, 300px\" \/><\/div><\/a>\n\t\t\t\t<div class=\"elementor-post__text\">\n\t\t\t\t<h3 class=\"elementor-post__title\">\n\t\t\t<a href=\"https:\/\/ges-conta.com\/en\/como-elegir-la-mejor-financiacion-para-tu-empresa\/\" >\n\t\t\t\tC\u00f3mo elegir la mejor financiaci\u00f3n para tu empresa\t\t\t<\/a>\n\t\t<\/h3>\n\t\t\t\t<div class=\"elementor-post__excerpt\">\n\t\t\t<p>En alg\u00fan momento, la mayor\u00eda de las empresas necesitan financiaci\u00f3n para crecer, invertir o afrontar gastos importantes. Sin embargo, no todas las opciones de financiaci\u00f3n son iguales. Antes de tomar<\/p>\n\t\t<\/div>\n\t\t\n\t\t<a class=\"elementor-post__read-more\" href=\"https:\/\/ges-conta.com\/en\/como-elegir-la-mejor-financiacion-para-tu-empresa\/\" aria-label=\"Read more about C\u00f3mo elegir la mejor financiaci\u00f3n para tu empresa\" tabindex=\"-1\" >\n\t\t\tLeer m\u00e1s \u00bb\t\t<\/a>\n\n\t\t\t\t<\/div>\n\t\t\t\t<div class=\"elementor-post__meta-data\">\n\t\t\t\t\t<span class=\"elementor-post-date\">\n\t\t\tMarch 13, 2026\t\t<\/span>\n\t\t\t\t<span class=\"elementor-post-avatar\">\n\t\t\tNo Comments\t\t<\/span>\n\t\t\t\t<\/div>\n\t\t\t\t\t<\/div>\n\t\t<\/article>\n\t\t\t\t<article class=\"elementor-post elementor-grid-item post-935 post type-post status-publish format-standard has-post-thumbnail hentry category-uncategorized\" role=\"listitem\">\n\t\t\t<div class=\"elementor-post__card\">\n\t\t\t\t<a class=\"elementor-post__thumbnail__link\" href=\"https:\/\/ges-conta.com\/en\/la-importancia-de-llevar-una-contabilidad-ordenada-en-tu-negocio\/\" tabindex=\"-1\" ><div class=\"elementor-post__thumbnail\"><img decoding=\"async\" width=\"300\" height=\"200\" src=\"https:\/\/ges-conta.com\/wp-content\/uploads\/2026\/03\/call-center-300x200.jpg\" class=\"attachment-medium size-medium wp-image-235\" alt=\"\" srcset=\"https:\/\/ges-conta.com\/wp-content\/uploads\/2026\/03\/call-center-300x200.jpg 300w, https:\/\/ges-conta.com\/wp-content\/uploads\/2026\/03\/call-center.jpg 700w\" sizes=\"(max-width: 300px) 100vw, 300px\" \/><\/div><\/a>\n\t\t\t\t<div class=\"elementor-post__text\">\n\t\t\t\t<h3 class=\"elementor-post__title\">\n\t\t\t<a href=\"https:\/\/ges-conta.com\/en\/la-importancia-de-llevar-una-contabilidad-ordenada-en-tu-negocio\/\" >\n\t\t\t\tLa importancia de llevar una contabilidad ordenada en tu negocio\t\t\t<\/a>\n\t\t<\/h3>\n\t\t\t\t<div class=\"elementor-post__excerpt\">\n\t\t\t<p>La contabilidad no solo sirve para cumplir con Hacienda. Tambi\u00e9n es una herramienta fundamental para conocer la situaci\u00f3n real de una empresa. Una contabilidad ordenada permite: Muchas empresas ven la<\/p>\n\t\t<\/div>\n\t\t\n\t\t<a class=\"elementor-post__read-more\" href=\"https:\/\/ges-conta.com\/en\/la-importancia-de-llevar-una-contabilidad-ordenada-en-tu-negocio\/\" aria-label=\"Read more about La importancia de llevar una contabilidad ordenada en tu negocio\" tabindex=\"-1\" >\n\t\t\tLeer m\u00e1s \u00bb\t\t<\/a>\n\n\t\t\t\t<\/div>\n\t\t\t\t<div class=\"elementor-post__meta-data\">\n\t\t\t\t\t<span class=\"elementor-post-date\">\n\t\t\tMarch 13, 2026\t\t<\/span>\n\t\t\t\t<span class=\"elementor-post-avatar\">\n\t\t\tNo Comments\t\t<\/span>\n\t\t\t\t<\/div>\n\t\t\t\t\t<\/div>\n\t\t<\/article>\n\t\t\t\t<article class=\"elementor-post elementor-grid-item post-933 post type-post status-publish format-standard has-post-thumbnail hentry category-uncategorized\" role=\"listitem\">\n\t\t\t<div class=\"elementor-post__card\">\n\t\t\t\t<a class=\"elementor-post__thumbnail__link\" href=\"https:\/\/ges-conta.com\/en\/que-es-la-planificacion-fiscal-y-por-que-es-importante-para-tu-empresa\/\" tabindex=\"-1\" ><div class=\"elementor-post__thumbnail\"><img loading=\"lazy\" decoding=\"async\" width=\"300\" height=\"200\" src=\"https:\/\/ges-conta.com\/wp-content\/uploads\/2026\/03\/medium-shot-people-working-together-300x200.jpg\" class=\"attachment-medium size-medium wp-image-208\" alt=\"\" srcset=\"https:\/\/ges-conta.com\/wp-content\/uploads\/2026\/03\/medium-shot-people-working-together-300x200.jpg 300w, https:\/\/ges-conta.com\/wp-content\/uploads\/2026\/03\/medium-shot-people-working-together-1024x682.jpg 1024w, https:\/\/ges-conta.com\/wp-content\/uploads\/2026\/03\/medium-shot-people-working-together-768x512.jpg 768w, https:\/\/ges-conta.com\/wp-content\/uploads\/2026\/03\/medium-shot-people-working-together-1536x1024.jpg 1536w, https:\/\/ges-conta.com\/wp-content\/uploads\/2026\/03\/medium-shot-people-working-together.jpg 2000w\" sizes=\"(max-width: 300px) 100vw, 300px\" \/><\/div><\/a>\n\t\t\t\t<div class=\"elementor-post__text\">\n\t\t\t\t<h3 class=\"elementor-post__title\">\n\t\t\t<a href=\"https:\/\/ges-conta.com\/en\/que-es-la-planificacion-fiscal-y-por-que-es-importante-para-tu-empresa\/\" >\n\t\t\t\t\u00bfQu\u00e9 es la planificaci\u00f3n fiscal y por qu\u00e9 es importante para tu empresa?\t\t\t<\/a>\n\t\t<\/h3>\n\t\t\t\t<div class=\"elementor-post__excerpt\">\n\t\t\t<p>La planificaci\u00f3n fiscal consiste en organizar la actividad econ\u00f3mica de una empresa para optimizar el pago de impuestos dentro de la legalidad. Muchas empresas pagan m\u00e1s impuestos de los necesarios<\/p>\n\t\t<\/div>\n\t\t\n\t\t<a class=\"elementor-post__read-more\" href=\"https:\/\/ges-conta.com\/en\/que-es-la-planificacion-fiscal-y-por-que-es-importante-para-tu-empresa\/\" aria-label=\"Read more about \u00bfQu\u00e9 es la planificaci\u00f3n fiscal y por qu\u00e9 es importante para tu empresa?\" tabindex=\"-1\" >\n\t\t\tLeer m\u00e1s \u00bb\t\t<\/a>\n\n\t\t\t\t<\/div>\n\t\t\t\t<div class=\"elementor-post__meta-data\">\n\t\t\t\t\t<span class=\"elementor-post-date\">\n\t\t\tMarch 13, 2026\t\t<\/span>\n\t\t\t\t<span class=\"elementor-post-avatar\">\n\t\t\tNo Comments\t\t<\/span>\n\t\t\t\t<\/div>\n\t\t\t\t\t<\/div>\n\t\t<\/article>\n\t\t\t\t<article class=\"elementor-post elementor-grid-item post-931 post type-post status-publish format-standard has-post-thumbnail hentry category-uncategorized\" role=\"listitem\">\n\t\t\t<div class=\"elementor-post__card\">\n\t\t\t\t<a class=\"elementor-post__thumbnail__link\" href=\"https:\/\/ges-conta.com\/en\/errores-fiscales-comunes-que-cometen-los-autonomos-y-como-evitarlos\/\" tabindex=\"-1\" ><div class=\"elementor-post__thumbnail\"><img loading=\"lazy\" decoding=\"async\" width=\"300\" height=\"200\" src=\"https:\/\/ges-conta.com\/wp-content\/uploads\/2026\/03\/young-business-man-standing-with-laptop-outside-business-centre-300x200.jpg\" class=\"attachment-medium size-medium wp-image-888\" alt=\"\" srcset=\"https:\/\/ges-conta.com\/wp-content\/uploads\/2026\/03\/young-business-man-standing-with-laptop-outside-business-centre-300x200.jpg 300w, https:\/\/ges-conta.com\/wp-content\/uploads\/2026\/03\/young-business-man-standing-with-laptop-outside-business-centre-1024x683.jpg 1024w, https:\/\/ges-conta.com\/wp-content\/uploads\/2026\/03\/young-business-man-standing-with-laptop-outside-business-centre-768x512.jpg 768w, https:\/\/ges-conta.com\/wp-content\/uploads\/2026\/03\/young-business-man-standing-with-laptop-outside-business-centre-1536x1024.jpg 1536w, https:\/\/ges-conta.com\/wp-content\/uploads\/2026\/03\/young-business-man-standing-with-laptop-outside-business-centre-2048x1365.jpg 2048w\" sizes=\"(max-width: 300px) 100vw, 300px\" \/><\/div><\/a>\n\t\t\t\t<div class=\"elementor-post__text\">\n\t\t\t\t<h3 class=\"elementor-post__title\">\n\t\t\t<a href=\"https:\/\/ges-conta.com\/en\/errores-fiscales-comunes-que-cometen-los-autonomos-y-como-evitarlos\/\" >\n\t\t\t\tErrores fiscales comunes que cometen los aut\u00f3nomos (y c\u00f3mo evitarlos)\t\t\t<\/a>\n\t\t<\/h3>\n\t\t\t\t<div class=\"elementor-post__excerpt\">\n\t\t\t<p>Ser aut\u00f3nomo implica asumir muchas responsabilidades, y una de las m\u00e1s importantes es cumplir correctamente con las obligaciones fiscales. Sin embargo, es habitual cometer errores que pueden provocar sanciones o<\/p>\n\t\t<\/div>\n\t\t\n\t\t<a class=\"elementor-post__read-more\" href=\"https:\/\/ges-conta.com\/en\/errores-fiscales-comunes-que-cometen-los-autonomos-y-como-evitarlos\/\" aria-label=\"Read more about Errores fiscales comunes que cometen los aut\u00f3nomos (y c\u00f3mo evitarlos)\" tabindex=\"-1\" >\n\t\t\tLeer m\u00e1s \u00bb\t\t<\/a>\n\n\t\t\t\t<\/div>\n\t\t\t\t<div class=\"elementor-post__meta-data\">\n\t\t\t\t\t<span class=\"elementor-post-date\">\n\t\t\tMarch 13, 2026\t\t<\/span>\n\t\t\t\t<span class=\"elementor-post-avatar\">\n\t\t\tNo Comments\t\t<\/span>\n\t\t\t\t<\/div>\n\t\t\t\t\t<\/div>\n\t\t<\/article>\n\t\t\t\t<article class=\"elementor-post elementor-grid-item post-918 post type-post status-publish format-standard has-post-thumbnail hentry category-uncategorized\" role=\"listitem\">\n\t\t\t<div class=\"elementor-post__card\">\n\t\t\t\t<a class=\"elementor-post__thumbnail__link\" href=\"https:\/\/ges-conta.com\/en\/5-consejos-para-mejorar-la-gestion-financiera-de-tu-empresa\/\" tabindex=\"-1\" ><div class=\"elementor-post__thumbnail\"><img loading=\"lazy\" decoding=\"async\" width=\"300\" height=\"200\" src=\"https:\/\/ges-conta.com\/wp-content\/uploads\/2026\/03\/medium-shot-friends-walking-together-300x200.jpg\" class=\"attachment-medium size-medium wp-image-886\" alt=\"\" srcset=\"https:\/\/ges-conta.com\/wp-content\/uploads\/2026\/03\/medium-shot-friends-walking-together-300x200.jpg 300w, https:\/\/ges-conta.com\/wp-content\/uploads\/2026\/03\/medium-shot-friends-walking-together-1024x683.jpg 1024w, https:\/\/ges-conta.com\/wp-content\/uploads\/2026\/03\/medium-shot-friends-walking-together-768x512.jpg 768w, https:\/\/ges-conta.com\/wp-content\/uploads\/2026\/03\/medium-shot-friends-walking-together-1536x1024.jpg 1536w, https:\/\/ges-conta.com\/wp-content\/uploads\/2026\/03\/medium-shot-friends-walking-together-2048x1365.jpg 2048w\" sizes=\"(max-width: 300px) 100vw, 300px\" \/><\/div><\/a>\n\t\t\t\t<div class=\"elementor-post__text\">\n\t\t\t\t<h3 class=\"elementor-post__title\">\n\t\t\t<a href=\"https:\/\/ges-conta.com\/en\/5-consejos-para-mejorar-la-gestion-financiera-de-tu-empresa\/\" >\n\t\t\t\t5 consejos para mejorar la gesti\u00f3n financiera de tu empresa\t\t\t<\/a>\n\t\t<\/h3>\n\t\t\t\t<div class=\"elementor-post__excerpt\">\n\t\t\t<p>La gesti\u00f3n financiera es uno de los pilares fundamentales para el buen funcionamiento de cualquier empresa o negocio. Tanto si eres aut\u00f3nomo como si diriges una PYME, tener un control<\/p>\n\t\t<\/div>\n\t\t\n\t\t<a class=\"elementor-post__read-more\" href=\"https:\/\/ges-conta.com\/en\/5-consejos-para-mejorar-la-gestion-financiera-de-tu-empresa\/\" aria-label=\"Read more about 5 consejos para mejorar la gesti\u00f3n financiera de tu empresa\" tabindex=\"-1\" >\n\t\t\tLeer m\u00e1s \u00bb\t\t<\/a>\n\n\t\t\t\t<\/div>\n\t\t\t\t<div class=\"elementor-post__meta-data\">\n\t\t\t\t\t<span class=\"elementor-post-date\">\n\t\t\tMarch 13, 2026\t\t<\/span>\n\t\t\t\t<span class=\"elementor-post-avatar\">\n\t\t\tNo Comments\t\t<\/span>\n\t\t\t\t<\/div>\n\t\t\t\t\t<\/div>\n\t\t<\/article>\n\t\t\t\t<\/div>\n\t\t\n\t\t\t\t\t\t<\/div>\n\t\t\t\t<\/div>\n\t\t\t\t<\/div>\n\t\t\t\t<\/div>","protected":false},"excerpt":{"rendered":"<p>Gesti\u00f3n Empresarial \u00b7 Alicante Nuestro blog Ofrecemos soluciones personalizadas en gesti\u00f3n y administraci\u00f3n para optimizar tus recursos y maximizar tus resultados. Nuestras publicaciones recientes<\/p>","protected":false},"author":1,"featured_media":0,"parent":0,"menu_order":0,"comment_status":"closed","ping_status":"closed","template":"elementor_header_footer","meta":{"_acf_changed":false,"footnotes":""},"class_list":["post-906","page","type-page","status-publish","hentry"],"acf":[],"_links":{"self":[{"href":"https:\/\/ges-conta.com\/en\/wp-json\/wp\/v2\/pages\/906","targetHints":{"allow":["GET"]}}],"collection":[{"href":"https:\/\/ges-conta.com\/en\/wp-json\/wp\/v2\/pages"}],"about":[{"href":"https:\/\/ges-conta.com\/en\/wp-json\/wp\/v2\/types\/page"}],"author":[{"embeddable":true,"href":"https:\/\/ges-conta.com\/en\/wp-json\/wp\/v2\/users\/1"}],"replies":[{"embeddable":true,"href":"https:\/\/ges-conta.com\/en\/wp-json\/wp\/v2\/comments?post=906"}],"version-history":[{"count":25,"href":"https:\/\/ges-conta.com\/en\/wp-json\/wp\/v2\/pages\/906\/revisions"}],"predecessor-version":[{"id":942,"href":"https:\/\/ges-conta.com\/en\/wp-json\/wp\/v2\/pages\/906\/revisions\/942"}],"wp:attachment":[{"href":"https:\/\/ges-conta.com\/en\/wp-json\/wp\/v2\/media?parent=906"}],"curies":[{"name":"wp","href":"https:\/\/api.w.org\/{rel}","templated":true}]}}