{"id":251,"date":"2026-03-12T16:02:52","date_gmt":"2026-03-12T16:02:52","guid":{"rendered":"https:\/\/blissful-davinci.135-125-119-145.plesk.page\/?page_id=251"},"modified":"2026-03-13T10:40:24","modified_gmt":"2026-03-13T10:40:24","slug":"servicios","status":"publish","type":"page","link":"https:\/\/ges-conta.com\/en\/servicios\/","title":{"rendered":"Servicios"},"content":{"rendered":"<div data-elementor-type=\"wp-page\" data-elementor-id=\"251\" class=\"elementor elementor-251\" data-elementor-post-type=\"page\">\n\t\t\t\t<div class=\"elementor-element elementor-element-997a3fc e-con-full e-flex e-con e-parent\" data-id=\"997a3fc\" data-element_type=\"container\" data-e-type=\"container\" data-settings=\"{&quot;background_background&quot;:&quot;classic&quot;}\">\n\t\t<div class=\"elementor-element elementor-element-870efc2 e-con-full e-flex elementor-invisible e-con e-child\" data-id=\"870efc2\" data-element_type=\"container\" data-e-type=\"container\" data-settings=\"{&quot;animation&quot;:&quot;fadeInLeft&quot;}\">\n\t\t\t\t<div class=\"elementor-element elementor-element-176c304 elementor-widget elementor-widget-html\" data-id=\"176c304\" data-element_type=\"widget\" data-e-type=\"widget\" data-widget_type=\"html.default\">\n\t\t\t\t\t<p style=\"font-family:Montserrat;font-size:13px;font-weight:700;letter-spacing:2px;color:rgba(255,255,255,0.75);text-transform:uppercase;margin-bottom:12px;\">Gesti\u00f3n Empresarial \u00b7 Alicante<\/p>\t\t\t\t<\/div>\n\t\t\t\t<div class=\"elementor-element elementor-element-4c3a366 elementor-widget elementor-widget-heading\" data-id=\"4c3a366\" data-element_type=\"widget\" data-e-type=\"widget\" data-widget_type=\"heading.default\">\n\t\t\t\t\t<h1 class=\"elementor-heading-title elementor-size-default\">Nuestros servicios<\/h1>\t\t\t\t<\/div>\n\t\t\t\t<div class=\"elementor-element elementor-element-50670db elementor-widget elementor-widget-text-editor\" data-id=\"50670db\" data-element_type=\"widget\" data-e-type=\"widget\" data-widget_type=\"text-editor.default\">\n\t\t\t\t\t\t\t\t\t<p>Ofrecemos soluciones personalizadas en gesti\u00f3n y administraci\u00f3n para optimizar tus recursos y maximizar tus resultados.<\/p>\t\t\t\t\t\t\t\t<\/div>\n\t\t\t\t<div class=\"elementor-element elementor-element-59534c9 elementor-align-left elementor-widget elementor-widget-button\" data-id=\"59534c9\" data-element_type=\"widget\" data-e-type=\"widget\" data-widget_type=\"button.default\">\n\t\t\t\t\t\t\t\t\t\t<a class=\"elementor-button elementor-size-sm\" role=\"button\">\n\t\t\t\t\t\t<span class=\"elementor-button-content-wrapper\">\n\t\t\t\t\t\t\t\t\t<span class=\"elementor-button-text\">Contacta con nosotros<\/span>\n\t\t\t\t\t<\/span>\n\t\t\t\t\t<\/a>\n\t\t\t\t\t\t\t\t<\/div>\n\t\t\t\t<\/div>\n\t\t\t\t<\/div>\n\t\t<div class=\"elementor-element elementor-element-29284e0 e-con-full e-flex e-con e-parent\" data-id=\"29284e0\" data-element_type=\"container\" data-e-type=\"container\" data-settings=\"{&quot;background_background&quot;:&quot;classic&quot;}\">\n\t\t<div class=\"elementor-element elementor-element-369c25d e-con-full e-flex elementor-invisible e-con e-child\" data-id=\"369c25d\" data-element_type=\"container\" data-e-type=\"container\" data-settings=\"{&quot;animation&quot;:&quot;fadeInLeft&quot;}\">\n\t\t\t\t<div class=\"elementor-element elementor-element-82be3b2 elementor-widget elementor-widget-heading\" data-id=\"82be3b2\" data-element_type=\"widget\" data-e-type=\"widget\" data-widget_type=\"heading.default\">\n\t\t\t\t\t<h2 class=\"elementor-heading-title elementor-size-default\">Gesti\u00f3n Financiera y Contable<\/h2>\t\t\t\t<\/div>\n\t\t\t\t<div class=\"elementor-element elementor-element-1a1f965 elementor-widget elementor-widget-text-editor\" data-id=\"1a1f965\" data-element_type=\"widget\" data-e-type=\"widget\" data-widget_type=\"text-editor.default\">\n\t\t\t\t\t\t\t\t\tOptimiza tus recursos y asegura la estabilidad financiera de tu empresa con nuestras soluciones especializadas.\t\t\t\t\t\t\t\t<\/div>\n\t\t\t\t<div class=\"elementor-element elementor-element-88ee55e elementor-widget elementor-widget-heading\" data-id=\"88ee55e\" data-element_type=\"widget\" data-e-type=\"widget\" data-widget_type=\"heading.default\">\n\t\t\t\t\t<h4 class=\"elementor-heading-title elementor-size-default\">Servicios incluidos: Asesoramiento fiscal, contable y mercantil<\/h4>\t\t\t\t<\/div>\n\t\t\t\t<div class=\"elementor-element elementor-element-938143b elementor-widget elementor-widget-html\" data-id=\"938143b\" data-element_type=\"widget\" data-e-type=\"widget\" data-widget_type=\"html.default\">\n\t\t\t\t\t<ul style=\"list-style:none;padding:0;margin:0;font-family:Montserrat;font-size:15px;color:#4A4A4A;line-height:2;\">\n            <li>\u2726 Planificaci\u00f3n y control presupuestario<\/li>\n            <li>\u2726 An\u00e1lisis financiero y reporte de resultados<\/li>\n            <li>\u2726 Gesti\u00f3n de tesorer\u00eda y flujos de caja<\/li>\n            <li>\u2726 Asesoramiento fiscal y cumplimiento normativo<\/li>\n        <\/ul>\t\t\t\t<\/div>\n\t\t\t\t<div class=\"elementor-element elementor-element-69ecd13 elementor-widget elementor-widget-html\" data-id=\"69ecd13\" data-element_type=\"widget\" data-e-type=\"widget\" data-widget_type=\"html.default\">\n\t\t\t\t\t<p style=\"font-family:Montserrat;font-size:14px;color:#1273EB;font-weight:600;\">\u2713 Garantizamos una gesti\u00f3n eficiente de tus recursos financieros para maximizar la rentabilidad y reducir riesgos.<\/p>\t\t\t\t<\/div>\n\t\t\t\t<div class=\"elementor-element elementor-element-fe12d45 elementor-align-left elementor-widget elementor-widget-button\" data-id=\"fe12d45\" data-element_type=\"widget\" data-e-type=\"widget\" data-widget_type=\"button.default\">\n\t\t\t\t\t\t\t\t\t\t<a class=\"elementor-button elementor-button-link elementor-size-sm\" href=\"https:\/\/thevalueofconnection.com\/contacto-gestion-empresas-alicante\/\">\n\t\t\t\t\t\t<span class=\"elementor-button-content-wrapper\">\n\t\t\t\t\t\t\t\t\t<span class=\"elementor-button-text\">Contactar con asesor especializado<\/span>\n\t\t\t\t\t<\/span>\n\t\t\t\t\t<\/a>\n\t\t\t\t\t\t\t\t<\/div>\n\t\t\t\t<\/div>\n\t\t<div class=\"elementor-element elementor-element-74b4be3 e-con-full e-flex elementor-invisible e-con e-child\" data-id=\"74b4be3\" data-element_type=\"container\" data-e-type=\"container\" data-settings=\"{&quot;animation&quot;:&quot;fadeIn&quot;}\">\n\t\t<div class=\"elementor-element elementor-element-2472a0d e-con-full e-flex e-con e-child\" data-id=\"2472a0d\" data-element_type=\"container\" data-e-type=\"container\" data-settings=\"{&quot;background_background&quot;:&quot;classic&quot;}\">\n\t\t\t\t<\/div>\n\t\t\t\t<\/div>\n\t\t\t\t<\/div>\n\t\t<div class=\"elementor-element elementor-element-d05a14b e-con-full e-flex e-con e-parent\" data-id=\"d05a14b\" data-element_type=\"container\" data-e-type=\"container\" data-settings=\"{&quot;background_background&quot;:&quot;classic&quot;}\">\n\t\t<div class=\"elementor-element elementor-element-79cf0b5 e-con-full e-flex elementor-invisible e-con e-child\" data-id=\"79cf0b5\" data-element_type=\"container\" data-e-type=\"container\" data-settings=\"{&quot;animation&quot;:&quot;fadeIn&quot;}\">\n\t\t<div class=\"elementor-element elementor-element-ac32161 e-con-full e-flex e-con e-child\" data-id=\"ac32161\" data-element_type=\"container\" data-e-type=\"container\" data-settings=\"{&quot;background_background&quot;:&quot;classic&quot;}\">\n\t\t\t\t<\/div>\n\t\t\t\t<\/div>\n\t\t<div class=\"elementor-element elementor-element-a66a10e e-con-full e-flex elementor-invisible e-con e-child\" data-id=\"a66a10e\" data-element_type=\"container\" data-e-type=\"container\" data-settings=\"{&quot;animation&quot;:&quot;fadeInRight&quot;}\">\n\t\t\t\t<div class=\"elementor-element elementor-element-5bf984c elementor-widget elementor-widget-heading\" data-id=\"5bf984c\" data-element_type=\"widget\" data-e-type=\"widget\" data-widget_type=\"heading.default\">\n\t\t\t\t\t<h2 class=\"elementor-heading-title elementor-size-default\">Administraci\u00f3n Empresarial<\/h2>\t\t\t\t<\/div>\n\t\t\t\t<div class=\"elementor-element elementor-element-9cfe999 elementor-widget elementor-widget-text-editor\" data-id=\"9cfe999\" data-element_type=\"widget\" data-e-type=\"widget\" data-widget_type=\"text-editor.default\">\n\t\t\t\t\t\t\t\t\tTe ayudamos a gestionar el d\u00eda a d\u00eda de tu empresa para que puedas centrarte en su crecimiento.\t\t\t\t\t\t\t\t<\/div>\n\t\t\t\t<div class=\"elementor-element elementor-element-24c30bc elementor-widget elementor-widget-heading\" data-id=\"24c30bc\" data-element_type=\"widget\" data-e-type=\"widget\" data-widget_type=\"heading.default\">\n\t\t\t\t\t<h4 class=\"elementor-heading-title elementor-size-default\">Servicios incluidos:<\/h4>\t\t\t\t<\/div>\n\t\t\t\t<div class=\"elementor-element elementor-element-caf7fe8 elementor-widget elementor-widget-html\" data-id=\"caf7fe8\" data-element_type=\"widget\" data-e-type=\"widget\" data-widget_type=\"html.default\">\n\t\t\t\t\t<ul style=\"list-style:none;padding:0;margin:0;font-family:Montserrat;font-size:15px;color:#4A4A4A;line-height:2;\">\n            <li>\u2726 Gesti\u00f3n documental y automatizaci\u00f3n de procesos administrativos<\/li>\n            <li>\u2726 Externalizaci\u00f3n de tareas administrativas<\/li>\n            <li>\u2726 Organizaci\u00f3n y mejora de flujos internos<\/li>\n            <li>\u2726 Elaboraci\u00f3n y control de informes de gesti\u00f3n<\/li>\n        <\/ul>\t\t\t\t<\/div>\n\t\t\t\t<div class=\"elementor-element elementor-element-0fddbd1 elementor-align-left elementor-widget elementor-widget-button\" data-id=\"0fddbd1\" data-element_type=\"widget\" data-e-type=\"widget\" data-widget_type=\"button.default\">\n\t\t\t\t\t\t\t\t\t\t<a class=\"elementor-button elementor-button-link elementor-size-sm\" href=\"https:\/\/thevalueofconnection.com\/contacto-gestion-empresas-alicante\/\">\n\t\t\t\t\t\t<span class=\"elementor-button-content-wrapper\">\n\t\t\t\t\t\t\t\t\t<span class=\"elementor-button-text\">Solicita asesoramiento personalizado para tu negocio<\/span>\n\t\t\t\t\t<\/span>\n\t\t\t\t\t<\/a>\n\t\t\t\t\t\t\t\t<\/div>\n\t\t\t\t<\/div>\n\t\t\t\t<\/div>\n\t\t\t\t<section class=\"elementor-section elementor-top-section elementor-element elementor-element-6fddfed elementor-section-full_width elementor-section-height-default elementor-section-height-default\" data-id=\"6fddfed\" data-element_type=\"section\" data-e-type=\"section\" data-settings=\"{&quot;background_background&quot;:&quot;classic&quot;}\">\n\t\t\t\t\t\t\t<div class=\"elementor-background-overlay\"><\/div>\n\t\t\t\t\t\t\t<div class=\"elementor-container elementor-column-gap-no\">\n\t\t\t\t\t<div class=\"elementor-column elementor-col-100 elementor-top-column elementor-element elementor-element-7274d8b\" data-id=\"7274d8b\" data-element_type=\"column\" data-e-type=\"column\">\n\t\t\t<div class=\"elementor-widget-wrap elementor-element-populated\">\n\t\t\t\t\t\t<div class=\"elementor-element elementor-element-4b4184b elementor-invisible elementor-widget elementor-widget-heading\" data-id=\"4b4184b\" data-element_type=\"widget\" data-e-type=\"widget\" data-settings=\"{&quot;_animation&quot;:&quot;fadeInDown&quot;}\" data-widget_type=\"heading.default\">\n\t\t\t\t\t<h2 class=\"elementor-heading-title elementor-size-default\">Cont\u00e1ctanos para comenzar un proyecto juntos<\/h2>\t\t\t\t<\/div>\n\t\t\t\t<div class=\"elementor-element elementor-element-c2e63d5 elementor-invisible elementor-widget elementor-widget-text-editor\" data-id=\"c2e63d5\" data-element_type=\"widget\" data-e-type=\"widget\" data-settings=\"{&quot;_animation&quot;:&quot;fadeIn&quot;}\" data-widget_type=\"text-editor.default\">\n\t\t\t\t\t\t\t\t\t<p style=\"text-align: center;\">Para la modernizaci\u00f3n de tu empresa.<\/p>\t\t\t\t\t\t\t\t<\/div>\n\t\t\t\t<div class=\"elementor-element elementor-element-aaf670f elementor-align-center elementor-invisible elementor-widget elementor-widget-button\" data-id=\"aaf670f\" data-element_type=\"widget\" data-e-type=\"widget\" data-settings=\"{&quot;_animation&quot;:&quot;fadeIn&quot;}\" data-widget_type=\"button.default\">\n\t\t\t\t\t\t\t\t\t\t<a class=\"elementor-button elementor-button-link elementor-size-sm\" href=\"https:\/\/thevalueofconnection.com\/contacto-gestion-empresas-alicante\/\">\n\t\t\t\t\t\t<span class=\"elementor-button-content-wrapper\">\n\t\t\t\t\t\t\t\t\t<span class=\"elementor-button-text\">Contacta<\/span>\n\t\t\t\t\t<\/span>\n\t\t\t\t\t<\/a>\n\t\t\t\t\t\t\t\t<\/div>\n\t\t\t\t\t<\/div>\n\t\t<\/div>\n\t\t\t\t\t<\/div>\n\t\t<\/section>\n\t\t<div class=\"elementor-element elementor-element-fe2a1ca e-con-full e-flex e-con e-parent\" data-id=\"fe2a1ca\" data-element_type=\"container\" data-e-type=\"container\" data-settings=\"{&quot;background_background&quot;:&quot;classic&quot;}\">\n\t\t<div class=\"elementor-element elementor-element-d8a5a0f e-con-full e-flex elementor-invisible e-con e-child\" data-id=\"d8a5a0f\" data-element_type=\"container\" data-e-type=\"container\" data-settings=\"{&quot;animation&quot;:&quot;fadeIn&quot;}\">\n\t\t\t\t<div class=\"elementor-element elementor-element-dcbe840 elementor-widget elementor-widget-heading\" data-id=\"dcbe840\" data-element_type=\"widget\" data-e-type=\"widget\" data-widget_type=\"heading.default\">\n\t\t\t\t\t<h2 class=\"elementor-heading-title elementor-size-default\">Talento Laboral<\/h2>\t\t\t\t<\/div>\n\t\t\t\t<div class=\"elementor-element elementor-element-956c256 elementor-widget elementor-widget-text-editor\" data-id=\"956c256\" data-element_type=\"widget\" data-e-type=\"widget\" data-widget_type=\"text-editor.default\">\n\t\t\t\t\t\t\t\t\tPotencia el activo m\u00e1s valioso de tu empresa con nuestra asesor\u00eda especializada.\t\t\t\t\t\t\t\t<\/div>\n\t\t\t\t<div class=\"elementor-element elementor-element-e46f379 elementor-widget elementor-widget-html\" data-id=\"e46f379\" data-element_type=\"widget\" data-e-type=\"widget\" data-widget_type=\"html.default\">\n\t\t\t\t\t<ul style=\"list-style:none;padding:0;margin:0;font-family:Montserrat;font-size:15px;color:#4A4A4A;line-height:2;\">\n            <li>\u2726 Reclutamiento y selecci\u00f3n de personal<\/li>\n            <li>\u2726 Gesti\u00f3n de n\u00f3minas y beneficios<\/li>\n            <li>\u2726 Dise\u00f1o de planes de formaci\u00f3n y desarrollo<\/li>\n            <li>\u2726 Consultor\u00eda en clima laboral y retenci\u00f3n de talento<\/li>\n        <\/ul>\t\t\t\t<\/div>\n\t\t\t\t<div class=\"elementor-element elementor-element-2d79363 elementor-widget elementor-widget-html\" data-id=\"2d79363\" data-element_type=\"widget\" data-e-type=\"widget\" data-widget_type=\"html.default\">\n\t\t\t\t\t<p style=\"font-family:Montserrat;font-size:14px;color:#1273EB;font-weight:600;\">\u2713 Construimos equipos s\u00f3lidos y motivados, alineados con los objetivos de tu empresa.<\/p>\t\t\t\t<\/div>\n\t\t\t\t<\/div>\n\t\t<div class=\"elementor-element elementor-element-1223fd2 e-con-full e-flex elementor-invisible e-con e-child\" data-id=\"1223fd2\" data-element_type=\"container\" data-e-type=\"container\" data-settings=\"{&quot;background_background&quot;:&quot;classic&quot;,&quot;animation&quot;:&quot;fadeInRight&quot;}\">\n\t\t\t\t<\/div>\n\t\t\t\t<\/div>\n\t\t<div class=\"elementor-element elementor-element-a1e8fc0 e-con-full e-flex e-con e-parent\" data-id=\"a1e8fc0\" data-element_type=\"container\" data-e-type=\"container\" data-settings=\"{&quot;background_background&quot;:&quot;classic&quot;}\">\n\t\t<div class=\"elementor-element elementor-element-dfaa855 e-con-full e-flex elementor-invisible e-con e-child\" data-id=\"dfaa855\" data-element_type=\"container\" data-e-type=\"container\" data-settings=\"{&quot;background_background&quot;:&quot;classic&quot;,&quot;animation&quot;:&quot;fadeInLeft&quot;}\">\n\t\t\t\t<\/div>\n\t\t<div class=\"elementor-element elementor-element-7e5cea7 e-con-full e-flex elementor-invisible e-con e-child\" data-id=\"7e5cea7\" data-element_type=\"container\" data-e-type=\"container\" data-settings=\"{&quot;animation&quot;:&quot;fadeIn&quot;}\">\n\t\t\t\t<div class=\"elementor-element elementor-element-6b77b26 elementor-widget elementor-widget-heading\" data-id=\"6b77b26\" data-element_type=\"widget\" data-e-type=\"widget\" data-widget_type=\"heading.default\">\n\t\t\t\t\t<h2 class=\"elementor-heading-title elementor-size-default\">Consultor\u00eda Estrat\u00e9gica<\/h2>\t\t\t\t<\/div>\n\t\t\t\t<div class=\"elementor-element elementor-element-48e6f13 elementor-widget elementor-widget-heading\" data-id=\"48e6f13\" data-element_type=\"widget\" data-e-type=\"widget\" data-widget_type=\"heading.default\">\n\t\t\t\t\t<h3 class=\"elementor-heading-title elementor-size-default\">Planifica el futuro de tu empresa con estrategias s\u00f3lidas y sostenibles<\/h3>\t\t\t\t<\/div>\n\t\t\t\t<div class=\"elementor-element elementor-element-0bb7226 elementor-widget elementor-widget-text-editor\" data-id=\"0bb7226\" data-element_type=\"widget\" data-e-type=\"widget\" data-widget_type=\"text-editor.default\">\n\t\t\t\t\t\t\t\t\tEn GES-CONTA, te ayudamos con asesoramiento fiscal y mercantil, planificaci\u00f3n y presentaci\u00f3n de impuestos, gesti\u00f3n contable, n\u00f3minas, seguros sociales y organizaci\u00f3n empresarial para mejorar la eficiencia de tu empresa.\t\t\t\t\t\t\t\t<\/div>\n\t\t\t\t<div class=\"elementor-element elementor-element-39c59d1 elementor-align-left elementor-widget elementor-widget-button\" data-id=\"39c59d1\" data-element_type=\"widget\" data-e-type=\"widget\" data-widget_type=\"button.default\">\n\t\t\t\t\t\t\t\t\t\t<a class=\"elementor-button elementor-button-link elementor-size-sm\" href=\"https:\/\/thevalueofconnection.com\/contacto-gestion-empresas-alicante\/\">\n\t\t\t\t\t\t<span class=\"elementor-button-content-wrapper\">\n\t\t\t\t\t\t\t\t\t<span class=\"elementor-button-text\">Transforma tu empresa con GES-CONTA<\/span>\n\t\t\t\t\t<\/span>\n\t\t\t\t\t<\/a>\n\t\t\t\t\t\t\t\t<\/div>\n\t\t\t\t<\/div>\n\t\t\t\t<\/div>\n\t\t\t\t<\/div>","protected":false},"excerpt":{"rendered":"<p>Gesti\u00f3n Empresarial \u00b7 Alicante Nuestros servicios Ofrecemos soluciones personalizadas en gesti\u00f3n y administraci\u00f3n para optimizar tus recursos y maximizar tus resultados. Contacta con nosotros \u2726 Planificaci\u00f3n y control presupuestario \u2726 An\u00e1lisis financiero y reporte de resultados \u2726 Gesti\u00f3n de tesorer\u00eda y flujos de caja \u2726 Asesoramiento fiscal y cumplimiento normativo \u2713 Garantizamos una gesti\u00f3n eficiente [&hellip;]<\/p>\n","protected":false},"author":1,"featured_media":0,"parent":0,"menu_order":0,"comment_status":"closed","ping_status":"closed","template":"elementor_header_footer","meta":{"_acf_changed":false,"footnotes":""},"class_list":["post-251","page","type-page","status-publish","hentry"],"acf":[],"_links":{"self":[{"href":"https:\/\/ges-conta.com\/en\/wp-json\/wp\/v2\/pages\/251","targetHints":{"allow":["GET"]}}],"collection":[{"href":"https:\/\/ges-conta.com\/en\/wp-json\/wp\/v2\/pages"}],"about":[{"href":"https:\/\/ges-conta.com\/en\/wp-json\/wp\/v2\/types\/page"}],"author":[{"embeddable":true,"href":"https:\/\/ges-conta.com\/en\/wp-json\/wp\/v2\/users\/1"}],"replies":[{"embeddable":true,"href":"https:\/\/ges-conta.com\/en\/wp-json\/wp\/v2\/comments?post=251"}],"version-history":[{"count":22,"href":"https:\/\/ges-conta.com\/en\/wp-json\/wp\/v2\/pages\/251\/revisions"}],"predecessor-version":[{"id":897,"href":"https:\/\/ges-conta.com\/en\/wp-json\/wp\/v2\/pages\/251\/revisions\/897"}],"wp:attachment":[{"href":"https:\/\/ges-conta.com\/en\/wp-json\/wp\/v2\/media?parent=251"}],"curies":[{"name":"wp","href":"https:\/\/api.w.org\/{rel}","templated":true}]}}